{"id":24,"date":"2024-10-22T09:38:06","date_gmt":"2024-10-22T07:38:06","guid":{"rendered":"https:\/\/lleidaterraoportunitats.com\/?page_id=24"},"modified":"2025-01-24T13:02:32","modified_gmt":"2025-01-24T12:02:32","slug":"aviso-legal","status":"publish","type":"page","link":"https:\/\/lleidaterraoportunitats.com\/es\/aviso-legal\/","title":{"rendered":"Aviso Legal"},"content":{"rendered":"\n<p><strong>1.- INTRODUCCI\u00d3N<\/strong><br>Este aviso legal contiene las normas de uso del sitio web https:\/\/lleidaterraoportunitats.com\/ puesto a disposici\u00f3n de los usuarios por el Patronato de Promoci\u00f3n Econ\u00f3mica, como titular, con el objetivo de proporcionar informaci\u00f3n sobre el contenido, servicios y\/o productos ofrecidos por el titular o por terceros.<\/p>\n\n\n\n<p><strong>2.- IDENTIDAD DEL TITULAR DEL SITIO WEB<br><\/strong>En cumplimiento del deber de informaci\u00f3n previsto en el art\u00edculo 10 de la Ley 34\/2002, de 11 de julio, de Servicios de la Sociedad de la Informaci\u00f3n y Comercio Electr\u00f3nico, informamos a los usuarios de los datos del titular del sitio web y de sus perfiles en redes sociales:<\/p>\n\n\n\n<p>a. Entidad responsable: Patronato de Promoci\u00f3n Econ\u00f3mica<br>b. Direcci\u00f3n: Rambla de Ferran, 18- 25007 Lleida<br>c. Correo electr\u00f3nico: promocioeconomica@diputaciolleida.cat<br>d. Tel\u00e9fono: 973 23.03.93<br>e. CIF: P7500019J<br>f. Nombre de dominio: transformacioeconomica.cat<\/p>\n\n\n\n<p><strong>3.- CONDICI\u00d3N DE USUARIO Y ACEPTACI\u00d3N DE LAS CONDICIONES DE USO<br><\/strong>El acceso, navegaci\u00f3n y\/o uso de la informaci\u00f3n, contenido, servicios y\/o productos ofrecidos en el sitio web atribuyen autom\u00e1ticamente la condici\u00f3n de usuario, ya sea persona f\u00edsica o jur\u00eddica. Como usuario, est\u00e1 sujeto a la aceptaci\u00f3n previa, expresa, plena y sin reservas de los t\u00e9rminos y condiciones de los textos legales mostrados en el sitio web, que incluyen:<\/p>\n\n\n\n<p>a.- El aviso legal<br><a href=\"https:\/\/lleidaterraoportunitats.com\/avis-legal\">https:\/\/lleidaterraoportunitats.com\/avis-legal<\/a><br>b.- La pol\u00edtica de protecci\u00f3n de datos<br><a href=\"https:\/\/lleidaterraoportunitats.com\/politica-de-privacitat\/\">https:\/\/lleidaterraoportunitats.com\/politica-de-privacitat\/<\/a><br>c.- La pol\u00edtica de cookies<br><a href=\"https:\/\/lleidaterraoportunitats.com\/politica-de-cookies\/\">https:\/\/lleidaterraoportunitats.com\/politica-de-cookies\/<\/a><\/p>\n\n\n\n<p>Por lo tanto, el titular recomienda al usuario que lea detenidamente los t\u00e9rminos y condiciones de los textos legales mencionados, que son de acceso libre y pueden ser impresos, descargados y guardados en formato papel o electr\u00f3nico en cualquier momento.<br>Si el usuario no est\u00e1 de acuerdo con el contenido de los textos legales mencionados, deber\u00e1 abstenerse de acceder, navegar y\/o utilizar la informaci\u00f3n, contenido, servicios y\/o productos ofrecidos en el sitio web.<\/p>\n\n\n\n<p>El acceso al sitio web es gratuito, excepto por el coste de la conexi\u00f3n a trav\u00e9s de la red de telecomunicaciones proporcionada por el proveedor de acceso contratado por el usuario.<\/p>\n\n\n\n<p><strong>4.- NOMBRE DE USUARIO Y CONTRASE\u00d1A<br><\/strong>En general, el acceso, navegaci\u00f3n y\/o uso de la informaci\u00f3n, contenido, servicios y\/o productos ofrecidos en el sitio web no requiere ning\u00fan registro previo del usuario.<\/p>\n\n\n\n<p>No obstante, es posible que el uso o la contrataci\u00f3n de alg\u00fan servicio y\/o producto del sitio web est\u00e9 condicionado al registro previo, suscripci\u00f3n o cumplimentaci\u00f3n de un formulario de alta por parte del usuario, que implique una clave de acceso compuesta por un nombre de usuario (login o DNI) y una contrase\u00f1a, libremente elegida por el usuario.<\/p>\n\n\n\n<p>Por lo tanto, en cuanto al proceso de registro y al tratamiento de los datos personales necesarios para el acceso a la cuenta, los t\u00e9rminos y condiciones quedan definidos en la pol\u00edtica de protecci\u00f3n de datos personales accesible mediante el siguiente enlace: <a href=\"https:\/\/lleidaterraoportunitats.com\/politica-de-privacitat\/\">https:\/\/lleidaterraoportunitats.com\/politica-de-privacitat\/<\/a><\/p>\n\n\n\n<p>El usuario es el \u00fanico responsable de la custodia, uso diligente y mantenimiento de la confidencialidad de la clave de acceso (login o DNI y contrase\u00f1a), y se compromete a utilizarla con diligencia, mantenerla secreta en todo momento, no compartirla y protegerla frente a usos no autorizados.<\/p>\n\n\n\n<p>El usuario se compromete a asumir la responsabilidad por cualquier actividad realizada desde su cuenta de usuario utilizando su clave de acceso.<\/p>\n\n\n\n<p>El usuario deber\u00e1 notificar inmediatamente al titular del sitio web, sin demora, cualquier incidente de seguridad relacionado con el acceso o uso no autorizado de la clave de acceso y\/o cuenta, as\u00ed como cualquier vulneraci\u00f3n de seguridad como p\u00e9rdida, robo o posible acceso de terceros a la cuenta, mediante el env\u00edo de un correo electr\u00f3nico a la siguiente direcci\u00f3n: promocioeconomica@diputaciolleida.cat<\/p>\n\n\n\n<p>El usuario registrado podr\u00e1 darse de baja en cualquier momento, perdiendo esta condici\u00f3n junto con los derechos y datos asociados a su cuenta y a su contenido, mediante el env\u00edo de un correo electr\u00f3nico a la siguiente direcci\u00f3n: promocioeconomica@diputaciolleida.cat<\/p>\n\n\n\n<p>El titular del sitio web tambi\u00e9n podr\u00e1 suspender o eliminar la cuenta y\/o dar de baja al usuario registrado, dando por finalizada la relaci\u00f3n entre ambas partes, y el usuario perder\u00e1 los derechos derivados de esta condici\u00f3n, as\u00ed como los datos asociados a su cuenta y contenido, si incumple el aviso legal u otros textos legales.<\/p>\n\n\n\n<p><strong>5.- NORMAS DE USO DEL SITIO WEB<br><\/strong>El usuario se compromete a utilizar la informaci\u00f3n, contenido, servicios y\/o productos ofrecidos por el titular o terceros en el sitio web de manera adecuada y de buena fe, conforme a la ley, las buenas costumbres, el orden p\u00fablico y el contenido del aviso legal y los textos legales.<\/p>\n\n\n\n<p>El usuario tambi\u00e9n se compromete a no utilizar el sitio web, informaci\u00f3n, contenido, servicios y\/o productos con fines o efectos il\u00edcitos, nocivos o contrarios al contenido de este aviso legal y otros textos legales, ni de manera perjudicial para los intereses o derechos del titular o terceros.<\/p>\n\n\n\n<p>Concretamente, pero no de manera exclusiva, el usuario se compromete a no utilizarlos con los siguientes fines:<\/p>\n\n\n\n<p>a.- Realizar actividades il\u00edcitas, nocivas o contrarias a las buenas costumbres o al orden p\u00fablico.<br>b.- Difundir informaci\u00f3n, contenido u opiniones que afecten a la dignidad humana, sean amenazantes, difamatorias, acosadoras, insultantes o discriminatorias por raz\u00f3n de g\u00e9nero, raza, religi\u00f3n, creencias, edad o condici\u00f3n, entre otras; que sean racistas, xen\u00f3fobas, pornogr\u00e1ficas, que promuevan el terrorismo o vulneren los derechos humanos, los derechos de la juventud o de los ni\u00f1os, el orden p\u00fablico o la seguridad p\u00fablica.<br>c.- Destruir, alterar, inutilizar, interrumpir, utilizar de manera fraudulenta o da\u00f1ar de cualquier otra manera la informaci\u00f3n, contenido, servicios y\/o productos del sitio web, as\u00ed como instalar malware que cause alteraciones o da\u00f1os al sitio web.<br>d.- Utilizar programas o dispositivos para eludir controles, medidas de seguridad o contrase\u00f1as implementadas por el titular.<\/p>\n\n\n\n<p><strong>6.- PROPIEDAD INTELECTUAL E INDUSTRIAL<br><\/strong>1.- El usuario reconoce que este sitio web es propiedad del titular, quien es el autor o dispone de la correspondiente licencia para la informaci\u00f3n, contenido, servicios y\/o productos ofrecidos por el titular o terceros. Esto incluye, pero no se limita a:<\/p>\n\n\n\n<p>a.- Signos distintivos como marcas, nombres comerciales y logotipos,<br>b.- La apariencia, presentaci\u00f3n, \u201clook and feel\u201d y combinaciones de colores y dise\u00f1o,<br>c.- El c\u00f3digo fuente, c\u00f3digo objeto, software, productos multimedia, bases de datos y otros elementos necesarios para su funcionamiento,<br>d.- Textos, comentarios, mensajes, im\u00e1genes, gr\u00e1ficos, dibujos, dise\u00f1os, sonidos, audios, v\u00eddeos y fotograf\u00edas.<\/p>\n\n\n\n<p>2.- El acceso por parte del usuario a la informaci\u00f3n, contenido, servicios y\/o productos ofrecidos por el titular no implica ni constituye ninguna renuncia, transmisi\u00f3n, cesi\u00f3n total o parcial, ni licencia de estos derechos de propiedad intelectual e industrial. Tampoco confiere ning\u00fan derecho al usuario para su uso, alteraci\u00f3n, explotaci\u00f3n, reproducci\u00f3n, distribuci\u00f3n, comunicaci\u00f3n p\u00fablica o transformaci\u00f3n sin la autorizaci\u00f3n previa expresa y por escrito del titular de estos derechos.<\/p>\n\n\n\n<p>3.- Queda prohibida la reproducci\u00f3n, distribuci\u00f3n, comunicaci\u00f3n p\u00fablica, incluida su modalidad de puesta a disposici\u00f3n, transformaci\u00f3n, as\u00ed como la modificaci\u00f3n, alteraci\u00f3n o descompilaci\u00f3n de toda o parte de la informaci\u00f3n, contenido, servicios y\/o productos ofrecidos por el titular, con fines comerciales o no comerciales, en cualquier medio y por cualquier medio t\u00e9cnico, sin la autorizaci\u00f3n previa por escrito del titular.<\/p>\n\n\n\n<p>4.- El usuario est\u00e1 autorizado a acceder, visualizar, usar, imprimir, descargar y almacenar la informaci\u00f3n, contenido, servicios y\/o productos ofrecidos por el titular exclusivamente para uso personal, privado y no comercial, siempre que se mantenga la indicaci\u00f3n de origen y autor\u00eda, as\u00ed como el s\u00edmbolo de copyright y\/o propiedad industrial de los respectivos titulares. Por lo tanto, el usuario se compromete a no eliminar o alterar menciones como copyright, \u00a9 y TM.<\/p>\n\n\n\n<p>5.- Las contribuciones que el usuario haga llegar o comparta con el titular, como ideas, proyectos, propuestas, contenidos, opiniones, etc., a trav\u00e9s de cualquier medio, formato o tecnolog\u00eda\u2014ya sea escrita, oral, sonora, audiovisual, correo electr\u00f3nico, fax, correo postal, redes sociales o cualquier otro medio\u2014otorgan autom\u00e1ticamente al titular del sitio web una licencia no exclusiva, gratuita, en todos los idiomas y por el m\u00e1ximo per\u00edodo permitido por la legislaci\u00f3n vigente, para usar y explotar estas contribuciones con cualquier finalidad.<\/p>\n\n\n\n<p>Adem\u00e1s, el usuario autoriza al titular a ceder y\/o sublicenciar estas contribuciones a terceros, sin que esto sea considerado una infracci\u00f3n de los derechos morales del autor.<\/p>\n\n\n\n<p>El usuario ser\u00e1 responsable de la autor\u00eda y originalidad de sus contribuciones, as\u00ed como de garantizar su uso pac\u00edfico. El usuario garantiza que sus contribuciones no infringen derechos de terceros, no vulneran ninguna normativa aplicable en materia de propiedad intelectual o industrial, secretos comerciales, ni contienen informaci\u00f3n confidencial protegida por acuerdos contractuales.<\/p>\n\n\n\n<p>El usuario tambi\u00e9n se compromete a mantener indemne al titular y\/o a sus representantes, socios, directores, agentes, empleados, etc., ante cualquier responsabilidad que pueda derivarse de acciones legales o de cualquier otra \u00edndole derivadas de la infracci\u00f3n de derechos de terceros o de la legislaci\u00f3n vigente sobre las contribuciones.<\/p>\n\n\n\n<p>Para preservar los posibles derechos de propiedad intelectual e industrial o secretos comerciales, si alg\u00fan usuario o tercero considera que se han vulnerado sus derechos leg\u00edtimos mediante el uso de informaci\u00f3n, contenido, servicios y\/o productos del sitio web, deber\u00e1 notificar esta circunstancia por escrito a promocioeconomica@diputaciolleida.cat, indicando:<\/p>\n\n\n\n<p>a.- Los datos de identificaci\u00f3n personal del interesado que ostenta los derechos presuntamente infringidos.<br>b.- El contenido protegido por los derechos de propiedad intelectual y su ubicaci\u00f3n en el sitio web.<br>c.- La prueba de la existencia, titularidad y vigencia de los derechos de propiedad intelectual mencionados.<br>d.- Una declaraci\u00f3n expresa en la que el interesado se responsabilice de la veracidad de los datos y la informaci\u00f3n facilitada en la notificaci\u00f3n referida en este punto.<\/p>\n\n\n\n<p><strong>7.- POL\u00cdTICA DE PROTECCI\u00d3N DE DATOS PERSONALES<br><\/strong>Este sitio web trata datos personales de los usuarios, por lo que es necesario que los usuarios lean atentamente la pol\u00edtica de protecci\u00f3n de datos personales contenida en el siguiente enlace:<br><a href=\"https:\/\/lleidaterraoportunitats.com\/politica-de-privacitat\/\">https:\/\/lleidaterraoportunitats.com\/politica-de-privacitat\/<\/a>, as\u00ed como las diversas cl\u00e1usulas informativas que acompa\u00f1an cada uno de los formularios previstos para la recogida de datos personales.<\/p>\n\n\n\n<p>En cualquier caso, los datos personales recogidos a trav\u00e9s de este sitio web ser\u00e1n tratados conforme a lo establecido en el Reglamento General de Protecci\u00f3n de Datos (RGPD) 2016\/679 y la legislaci\u00f3n espa\u00f1ola aplicable, Ley 3\/2018.<\/p>\n\n\n\n<p><strong>8.- POL\u00cdTICA DE COOKIES<br><\/strong>La pol\u00edtica de cookies del titular est\u00e1 contenida en el siguiente enlace: <a href=\"https:\/\/lleidaterraoportunitats.com\/politica-de-cookies\/\">https:\/\/lleidaterraoportunitats.com\/politica-de-cookies\/<\/a><\/p>\n\n\n\n<p><strong>9.- POL\u00cdTICA DE ENLACES<br><\/strong>El titular proporciona enlaces a los usuarios con fines meramente informativos, sin conocer, controlar, avalar ni recomendar el contenido, productos o servicios ofrecidos por los sitios web a los que conducen dichos enlaces.<br>Por lo tanto, el titular no asume ninguna responsabilidad respecto de ning\u00fan aspecto relacionado con el sitio web al que se establece un enlace desde este sitio.<br>Aquellos que deseen incluir un enlace al sitio web del titular en su propio sitio web deber\u00e1n cumplir las siguientes condiciones:<\/p>\n\n\n\n<p>1.- Solo se permite el enlace a la p\u00e1gina de inicio, es decir, <a href=\"https:\/\/lleidaterraoportunitats.com\">https:\/\/lleidaterraoportunitats.com<\/a>, quedando por tanto prohibidos los enlaces profundos y los frames.<\/p>\n\n\n\n<p>2.- No se podr\u00e1n realizar con el enlace afirmaciones o indicaciones falsas, incorrectas o denigrantes, ni contrarias a la ley, la moral o las buenas costumbres, sobre el titular, la informaci\u00f3n, contenido, servicios y\/o productos ofrecidos, ni sobre sus directivos o empleados.<\/p>\n\n\n\n<p>3.- No se autoriza el enlace desde p\u00e1ginas que atenten contra la dignidad humana, sean amenazantes, difamatorias, acosadoras, insultantes o discriminatorias por raz\u00f3n de g\u00e9nero, raza, religi\u00f3n, creencias, edad o condici\u00f3n, entre otras; de car\u00e1cter racista, xen\u00f3fobo, pornogr\u00e1fico, que hagan apolog\u00eda del terrorismo o que vulneren los derechos humanos, los derechos de la juventud o de la infancia, el orden p\u00fablico o la seguridad.<\/p>\n\n\n\n<p>4.- El establecimiento del enlace no implica ninguna relaci\u00f3n, conexi\u00f3n o relaci\u00f3n legal entre ambas partes.<\/p>\n\n\n\n<p><strong>10.- SEGURIDAD<br><\/strong>El usuario debe ser consciente de que las medidas de seguridad en Internet no son completamente fiables, y por lo tanto, el titular no puede garantizar la ausencia de malware u otros elementos que puedan causar alteraciones en los sistemas inform\u00e1ticos del usuario (software y hardware).<\/p>\n\n\n\n<p>Para promover un uso seguro de Internet y evitar situaciones fraudulentas como el robo y la suplantaci\u00f3n de identidad, es importante tener en cuenta las siguientes recomendaciones de seguridad que el usuario debe aplicar:<br>a.- En ning\u00fan caso el titular del sitio web o cualquier empleado, colaborador o proveedor solicitar\u00e1 al usuario, ya sea por tel\u00e9fono, SMS, WhatsApp, correo electr\u00f3nico, etc., la clave de acceso (login o DNI y contrase\u00f1a), documento de identidad, NIE, pasaporte u otros datos como tarjetas de cr\u00e9dito, n\u00fameros de seguridad social, etc.<br>b.- El usuario debe desconfiar de cualquier solicitud de este tipo y no responder bajo ninguna circunstancia, estando obligado a contactar inmediatamente con el titular del sitio web mediante el correo electr\u00f3nico <a href=\"mailto:promocioeconomica@diputaciolleida.cat\">promocioeconomica@diputaciolleida.cat<\/a>.<br>c.- El acceso al sitio web del titular debe realizarse introduciendo directamente la direcci\u00f3n o URL en el navegador, no siendo recomendable hacerlo a trav\u00e9s de un enlace, un correo electr\u00f3nico o una p\u00e1gina web no fiable.<br>d.- Es necesario tener un antivirus activado e instalar todas las actualizaciones de los navegadores y otros programas utilizados por los usuarios.<\/p>\n\n\n\n<p><strong>11.- PUBLICIDAD<br><\/strong>Este sitio web puede alojar contenido publicitario o estar patrocinado.<\/p>\n\n\n\n<p>Los anunciantes y patrocinadores son los \u00fanicos responsables de garantizar que el material enviado para su inclusi\u00f3n en el sitio web cumpla con la normativa aplicable en cada caso.<\/p>\n\n\n\n<p>El titular no se hace responsable de los errores, omisiones, inexactitudes o irregularidades que puedan incluirse en el contenido publicitario o de los patrocinadores.<\/p>\n\n\n\n<p>En cualquier caso, para presentar cualquier queja relacionada con el contenido publicitario insertado en este sitio web, puede contactar con la siguiente direcci\u00f3n de correo electr\u00f3nico: <a href=\"mailto:promocioeconomica@diputaciolleida.cat\">promocioeconomica@diputaciolleida.cat<\/a>.<\/p>\n\n\n\n<p><strong>12.- REDES SOCIALES<br><\/strong>El titular utiliza redes sociales para promocionar sus servicios y\/o productos.<\/p>\n\n\n\n<p>El usuario puede unirse a los grupos que el titular tiene en diferentes redes sociales, y al convertirse en seguidor o fan de estos, acepta las condiciones de uso y la pol\u00edtica de privacidad de la red social correspondiente, as\u00ed como el aviso legal y otros textos legales del titular del sitio web.<\/p>\n\n\n\n<p>Las cuentas corporativas en redes sociales del titular son las siguientes:<\/p>\n\n\n\n<p>Facebook: <a href=\"https:\/\/www.facebook.com\/PromoEconomica\" target=\"_blank\" rel=\"noopener\">https:\/\/www.facebook.com\/PromoEconomica<\/a><br>Twitter: <a href=\"https:\/\/twitter.com\/Promo_Economica\" target=\"_blank\" rel=\"noopener\">https:\/\/twitter.com\/Promo_Economica<\/a><br>Instagram: <a href=\"https:\/\/www.instagram.com\/promo_economica\" target=\"_blank\" rel=\"noopener\">https:\/\/www.instagram.com\/promo_economica<\/a><\/p>\n\n\n\n<p><strong>13.- CHATS Y FOROS<br><\/strong>El titular pone a disposici\u00f3n diferentes espacios para la participaci\u00f3n de los usuarios (foros, chats, etc.), en los que el titular no participa de ninguna manera.<\/p>\n\n\n\n<p>El usuario es el \u00fanico responsable de los comentarios, aportaciones u opiniones publicados, y por lo tanto el titular no se responsabiliza en ning\u00fan caso.<\/p>\n\n\n\n<p>El titular se reserva el derecho de eliminar cualquier comentario y aportaci\u00f3n que infrinja el aviso legal y otros textos legales, as\u00ed como suspender o desactivar al usuario.<\/p>\n\n\n\n<p><strong>14.- MENORES DE EDAD<br><\/strong>El titular dirige sus servicios a usuarios mayores de 18 a\u00f1os, por lo que los menores de esta edad no pueden utilizar nuestros servicios y\/o productos.<\/p>\n\n\n\n<p><strong>15.- EXCLUSI\u00d3N DE GARANT\u00cdAS Y R\u00c9GIMEN DE RESPONSABILIDAD<br><\/strong>El titular acepta que el acceso al sitio web y el uso de la informaci\u00f3n, contenido, servicios y\/o productos ofrecidos en este se realiza bajo la responsabilidad \u00fanica y exclusiva del usuario, sin que el titular pueda garantizar:<\/p>\n\n\n\n<p>a.- que la informaci\u00f3n sea exacta, completa, actualizada o \u00fatil,<br>b.- una velocidad de acceso, disponibilidad y continuidad adecuadas del funcionamiento del sitio web,<br>c.- la ausencia de virus o elementos que puedan causar alteraciones.<\/p>\n\n\n\n<p>El titular excluye, en la m\u00e1xima medida permitida por la ley, cualquier responsabilidad por los da\u00f1os de cualquier naturaleza que puedan derivarse o estar relacionados con la informaci\u00f3n, contenido, servicios y\/o productos ofrecidos en el sitio web, as\u00ed como por la falta de disponibilidad o continuidad del funcionamiento del sitio web.<\/p>\n\n\n\n<p>En conformidad con lo dispuesto en los art\u00edculos 11 y 16 de la Ley 34\/2002, el titular del sitio web cooperar\u00e1 activamente en la retirada o, si es necesario, el bloqueo de todos aquellos contenidos que puedan afectar o contravenir la legislaci\u00f3n aplicable, derechos de terceros, o que sean contrarios a la moral o el orden p\u00fablico.<\/p>\n\n\n\n<p>El usuario reconoce que el titular, si procede, podr\u00e1 informar a las autoridades administrativas o judiciales de cualquier acto que pueda constituir una actividad il\u00edcita o perjudicial, sin necesidad de previo aviso al usuario, y perseguir cualquier incumplimiento de este aviso legal y otros textos legales mediante el ejercicio de todas las acciones disponibles por derecho.<\/p>\n\n\n\n<p><strong>16.- FUERZA MAYOR<br><\/strong>Sin perjuicio de lo mencionado anteriormente, el titular no ser\u00e1 responsable de los retrasos o fallos que se produzcan en el acceso, operatividad y funcionamiento del sitio web, la informaci\u00f3n, contenido, servicios y\/o productos, as\u00ed como de interrupciones, suspensiones o funcionamientos defectuosos, cuando estos tengan su origen en aver\u00edas provocadas por cat\u00e1strofes naturales como terremotos, inundaciones, rayos o incendios, situaciones de fuerza mayor, situaciones de extrema urgencia como virus, pandemias, guerras, operaciones militares, disturbios civiles, huelgas, cierres patronales o cualquier otra situaci\u00f3n de fuerza mayor o caso fortuito.<\/p>\n\n\n\n<p><strong>17.- INTERRUPCI\u00d3N, SUSPENSI\u00d3N Y FINALIZACI\u00d3N<br><\/strong>El titular del sitio web realiza todos los esfuerzos razonables para garantizar la accesibilidad y disponibilidad del sitio web durante todo el a\u00f1o.<br>No obstante, el titular se reserva el derecho de interrumpir, bloquear, suspender y\/o cancelar el acceso a la informaci\u00f3n, contenido, servicios y\/o productos del sitio web sin previo aviso en cualquier momento, incluyendo pero no limit\u00e1ndose a los siguientes motivos:<\/p>\n\n\n\n<p>1.- Por motivos de seguridad, t\u00e9cnicos, operativos, de mantenimiento o por fuerza mayor.<br>2.- Si el sitio web se utiliza de manera fraudulenta o abusiva.<br>3.- Por incumplimiento del usuario del aviso legal y otros textos legales.<\/p>\n\n\n\n<p><strong>18.- MODIFICACI\u00d3N DE LOS T\u00c9RMINOS DEL AVISO LEGAL<br><\/strong>Los t\u00e9rminos y condiciones del aviso legal y otros textos legales est\u00e1n vigentes en la fecha de la \u00faltima actualizaci\u00f3n y est\u00e1n sujetos a cambios y actualizaciones constantes. Por lo tanto, la versi\u00f3n publicada puede diferir cada vez que el usuario acceda al sitio web.<\/p>\n\n\n\n<p>El titular del sitio web podr\u00e1, en cualquier momento, a\u00f1adir, actualizar, modificar o eliminar los t\u00e9rminos y condiciones del aviso legal y otros textos legales, y estas modificaciones entrar\u00e1n en vigor a partir de su publicaci\u00f3n en el sitio web, siendo aplicables a todos los usuarios desde esa fecha.<\/p>\n\n\n\n<p><strong>19.- LEY APLICABLE, JURISDICCI\u00d3N Y COMPETENCIA<br><\/strong>Este aviso legal y los dem\u00e1s textos legales se regir\u00e1n e interpretar\u00e1n de acuerdo con la legislaci\u00f3n espa\u00f1ola, a la que ambas partes se someten expresamente, y que ser\u00e1, por tanto, la \u00fanica legislaci\u00f3n aplicable.<\/p>\n\n\n\n<p>Para la resoluci\u00f3n de todas las controversias, discrepancias, controversias, incidentes o reclamaciones derivadas directamente o indirectamente de la interpretaci\u00f3n, cumplimiento o incumplimiento, ejecuci\u00f3n, resoluci\u00f3n o nulidad de este aviso legal y otros textos legales, ambas partes acuerdan someterse a la jurisdicci\u00f3n y competencia de los juzgados y tribunales del domicilio del consumidor y usuario, siempre que este est\u00e9 situado dentro del territorio espa\u00f1ol y act\u00fae como consumidor y usuario.<\/p>\n\n\n\n<p>En caso contrario, la sumisi\u00f3n se realizar\u00e1 a los juzgados y tribunales de la ciudad de Lleida, Espa\u00f1a.<\/p>\n\n\n\n<p>Versi\u00f3n 1. Fecha de publicaci\u00f3n: 24-7-2024<\/p>\n\n\n\n<p>Todos los derechos reservados \u00a9 Patronato de Promoci\u00f3n Econ\u00f3mica, 2024 Lleida.<\/p>\n","protected":false},"excerpt":{"rendered":"<p>1.- INTRODUCCI\u00d3NEste aviso legal contiene las normas de uso del sitio web https:\/\/lleidaterraoportunitats.com\/ puesto a disposici\u00f3n de los usuarios por el Patronato de Promoci\u00f3n Econ\u00f3mica, como titular, con el objetivo de proporcionar informaci\u00f3n sobre el contenido, servicios y\/o productos ofrecidos por el titular o por terceros. 2.- IDENTIDAD DEL TITULAR DEL SITIO WEBEn cumplimiento del [&hellip;]<\/p>\n","protected":false},"author":1,"featured_media":0,"parent":0,"menu_order":0,"comment_status":"closed","ping_status":"closed","template":"","meta":{"_acf_changed":false,"editor_notices":[],"footnotes":""},"class_list":["post-24","page","type-page","status-publish","hentry"],"acf":[],"_links":{"self":[{"href":"https:\/\/lleidaterraoportunitats.com\/es\/wp-json\/wp\/v2\/pages\/24","targetHints":{"allow":["GET"]}}],"collection":[{"href":"https:\/\/lleidaterraoportunitats.com\/es\/wp-json\/wp\/v2\/pages"}],"about":[{"href":"https:\/\/lleidaterraoportunitats.com\/es\/wp-json\/wp\/v2\/types\/page"}],"author":[{"embeddable":true,"href":"https:\/\/lleidaterraoportunitats.com\/es\/wp-json\/wp\/v2\/users\/1"}],"replies":[{"embeddable":true,"href":"https:\/\/lleidaterraoportunitats.com\/es\/wp-json\/wp\/v2\/comments?post=24"}],"version-history":[{"count":5,"href":"https:\/\/lleidaterraoportunitats.com\/es\/wp-json\/wp\/v2\/pages\/24\/revisions"}],"predecessor-version":[{"id":1056,"href":"https:\/\/lleidaterraoportunitats.com\/es\/wp-json\/wp\/v2\/pages\/24\/revisions\/1056"}],"wp:attachment":[{"href":"https:\/\/lleidaterraoportunitats.com\/es\/wp-json\/wp\/v2\/media?parent=24"}],"curies":[{"name":"wp","href":"https:\/\/api.w.org\/{rel}","templated":true}]}}