{"id":25,"date":"2024-10-22T09:38:06","date_gmt":"2024-10-22T07:38:06","guid":{"rendered":"https:\/\/lleidaterraoportunitats.com\/?page_id=25"},"modified":"2025-01-24T14:20:40","modified_gmt":"2025-01-24T13:20:40","slug":"politica-de-cookies","status":"publish","type":"page","link":"https:\/\/lleidaterraoportunitats.com\/es\/politica-de-cookies\/","title":{"rendered":"Pol\u00edtica de cookies"},"content":{"rendered":"\n<p>\u00daltima actualizaci\u00f3n: 24\/7\/2024<\/p>\n\n\n\n<p>En \u00abLleida. Tierra de oportunidades,\u00bb utilizamos cookies para mejorar la experiencia de navegaci\u00f3n de los usuarios y ofrecer servicios personalizados. En esta pol\u00edtica, explicamos qu\u00e9 son las cookies, c\u00f3mo las utilizamos y c\u00f3mo se pueden gestionar.<\/p>\n\n\n\n<p><strong>1.- \u00bfQu\u00e9 son las cookies?<br><\/strong>Las cookies son peque\u00f1os archivos de texto almacenados en su dispositivo cuando visita un sitio web. Ayudan al sitio web a recordar informaci\u00f3n sobre su visita, como sus preferencias de idioma y otras configuraciones. Las cookies se env\u00edan de vuelta al sitio web de origen cada vez que accede a \u00e9l, o a otro sitio web que reconozca esa cookie. Las cookies act\u00faan como una memoria para el sitio web, permiti\u00e9ndole recordar su dispositivo en visitas posteriores. Tambi\u00e9n pueden recordar sus preferencias, mejorar la experiencia de usuario y personalizar anuncios.<\/p>\n\n\n\n<p><strong>2.- Tipos de cookies que utilizamos<br><\/strong>Cookies t\u00e9cnicas: Necesarias para el funcionamiento del sitio web y permiten la navegaci\u00f3n y el uso de las diferentes opciones o servicios disponibles.<\/p>\n\n\n\n<p>Cookies de personalizaci\u00f3n: Permiten recordar informaci\u00f3n para que el usuario acceda al servicio con caracter\u00edsticas espec\u00edficas que pueden diferenciar su experiencia de la de otros usuarios.<\/p>\n\n\n\n<p>Cookies anal\u00edticas: Se utilizan para rastrear y analizar el comportamiento de los usuarios en el sitio web. Esta informaci\u00f3n se usa para mejorar la experiencia del usuario y optimizar nuestros servicios.<\/p>\n\n\n\n<p><strong>3.- Cookies espec\u00edficas utilizadas en el sitio web<br><\/strong>Cookies esenciales:<br>Nombre: PHPSESSID<br>Proveedor: lleidaterraoportunitats.com<br>Descripci\u00f3n: Esta cookie se utiliza para mantener la sesi\u00f3n del usuario durante su visita al sitio web.<br>Duraci\u00f3n: Sesi\u00f3n<\/p>\n\n\n\n<p>Cookies de rendimiento:<br>Nombre: _ga, _gid<\/p>\n\n\n\n<p>Proveedor: Google Analytics<\/p>\n\n\n\n<p>Descripci\u00f3n: Estas cookies se utilizan para recopilar informaci\u00f3n sobre c\u00f3mo los visitantes utilizan nuestro sitio web. Utilizamos esta informaci\u00f3n para elaborar informes y ayudarnos a mejorar el sitio. Las cookies recopilan informaci\u00f3n de manera an\u00f3nima, incluyendo el n\u00famero de visitantes al sitio web, de d\u00f3nde provienen y las p\u00e1ginas que han visitado.<\/p>\n\n\n\n<p>La cookie _ga, instalada por Google Analytics, calcula datos de visitantes, sesiones y campa\u00f1as, y tambi\u00e9n hace un seguimiento del uso del sitio para el informe anal\u00edtico del sitio web. La cookie almacena informaci\u00f3n de manera an\u00f3nima y asigna un n\u00famero generado aleatoriamente para reconocer a los visitantes \u00fanicos.<br>Instalada por Google Analytics, la cookie _gid almacena informaci\u00f3n sobre c\u00f3mo los visitantes utilizan un sitio web mientras crea un informe anal\u00edtico sobre el rendimiento del sitio web. Algunos de los datos recopilados incluyen el n\u00famero de visitantes, su fuente y las p\u00e1ginas que visitan de manera an\u00f3nima.<\/p>\n\n\n\n<p>Duraci\u00f3n: _ga: 2 a\u00f1os, _gid: 24 horas<\/p>\n\n\n\n<p>Cookies de funcionalidad:<\/p>\n\n\n\n<p>Nombre: pll_language<\/p>\n\n\n\n<p>Proveedor: lleidaterraoportunitats.com<\/p>\n\n\n\n<p>Descripci\u00f3n: Esta cookie se utiliza para recordar el idioma seleccionado por el usuario cuando vuelve al sitio web.<\/p>\n\n\n\n<p>Duraci\u00f3n: 1 a\u00f1o<\/p>\n\n\n\n<p><strong>4.- Consentimiento<br><\/strong>Al acceder y utilizar este sitio web, acepta el uso de cookies de acuerdo con esta Pol\u00edtica de Cookies. Si no est\u00e1 de acuerdo, puede configurar su navegador para que no acepte cookies, pero esto puede afectar la funcionalidad del sitio web.<\/p>\n\n\n\n<p><strong>5.- C\u00f3mo gestionar las cookies<br><\/strong>Puede controlar y\/o eliminar las cookies como desee. Puede eliminar todas las cookies que ya est\u00e1n en su ordenador y configurar la mayor\u00eda de navegadores para que no las acepten. Sin embargo, si lo hace, es posible que deba ajustar manualmente algunas preferencias cada vez que visite un sitio, y algunos servicios y funcionalidades pueden no funcionar.<\/p>\n\n\n\n<p>Aqu\u00ed tiene enlaces para gestionar las cookies en los navegadores m\u00e1s comunes:<br>Google Chrome<br>Mozilla Firefox<br>Internet Explorer<br>Safari<\/p>\n\n\n\n<p><strong>6.- Cambios en la Pol\u00edtica de Cookies<br><\/strong>\u00abLleida. Tierra de oportunidades\u00bb puede modificar esta Pol\u00edtica de Cookies en funci\u00f3n de requerimientos legislativos o normativos, o para adaptarla a las instrucciones emitidas por la Agencia Espa\u00f1ola de Protecci\u00f3n de Datos. Por este motivo, recomendamos a los usuarios que la visiten peri\u00f3dicamente.<\/p>\n\n\n\n<p>Para m\u00e1s informaci\u00f3n sobre nuestra pol\u00edtica de privacidad, puede consultar <a href=\"https:\/\/lleidaterraoportunitats.com\/legal-notice\/\">[aqu\u00ed]<\/a>.<\/p>\n\n\n\n<p>Si tiene alguna pregunta sobre esta Pol\u00edtica de Cookies, puede contactar con nosotros en [<a href=\"mailto:contacte@lleidaterraoportunitats.com\">contacte@lleidaterraoportunitats.com<\/a>].<\/p>\n","protected":false},"excerpt":{"rendered":"<p>\u00daltima actualizaci\u00f3n: 24\/7\/2024 En \u00abLleida. Tierra de oportunidades,\u00bb utilizamos cookies para mejorar la experiencia de navegaci\u00f3n de los usuarios y ofrecer servicios personalizados. En esta pol\u00edtica, explicamos qu\u00e9 son las cookies, c\u00f3mo las utilizamos y c\u00f3mo se pueden gestionar. 1.- \u00bfQu\u00e9 son las cookies?Las cookies son peque\u00f1os archivos de texto almacenados en su dispositivo cuando [&hellip;]<\/p>\n","protected":false},"author":1,"featured_media":0,"parent":0,"menu_order":0,"comment_status":"closed","ping_status":"closed","template":"","meta":{"_acf_changed":false,"editor_notices":[],"footnotes":""},"class_list":["post-25","page","type-page","status-publish","hentry"],"acf":[],"_links":{"self":[{"href":"https:\/\/lleidaterraoportunitats.com\/es\/wp-json\/wp\/v2\/pages\/25","targetHints":{"allow":["GET"]}}],"collection":[{"href":"https:\/\/lleidaterraoportunitats.com\/es\/wp-json\/wp\/v2\/pages"}],"about":[{"href":"https:\/\/lleidaterraoportunitats.com\/es\/wp-json\/wp\/v2\/types\/page"}],"author":[{"embeddable":true,"href":"https:\/\/lleidaterraoportunitats.com\/es\/wp-json\/wp\/v2\/users\/1"}],"replies":[{"embeddable":true,"href":"https:\/\/lleidaterraoportunitats.com\/es\/wp-json\/wp\/v2\/comments?post=25"}],"version-history":[{"count":5,"href":"https:\/\/lleidaterraoportunitats.com\/es\/wp-json\/wp\/v2\/pages\/25\/revisions"}],"predecessor-version":[{"id":1066,"href":"https:\/\/lleidaterraoportunitats.com\/es\/wp-json\/wp\/v2\/pages\/25\/revisions\/1066"}],"wp:attachment":[{"href":"https:\/\/lleidaterraoportunitats.com\/es\/wp-json\/wp\/v2\/media?parent=25"}],"curies":[{"name":"wp","href":"https:\/\/api.w.org\/{rel}","templated":true}]}}