{"id":251,"date":"2024-10-22T19:29:17","date_gmt":"2024-10-22T17:29:17","guid":{"rendered":"https:\/\/lleidaterraoportunitats.com\/?page_id=251"},"modified":"2025-11-24T08:20:45","modified_gmt":"2025-11-24T07:20:45","slug":"unete-a-nosotros","status":"publish","type":"page","link":"https:\/\/lleidaterraoportunitats.com\/es\/unete-a-nosotros\/","title":{"rendered":"\u00a1\u00danete a nosotros!"},"content":{"rendered":"\n<p>Para hacer posible la transformaci\u00f3n econ\u00f3mica de las Tierras de Lleida, Pirineo y Ar\u00e1n, es necesaria la participaci\u00f3n de todo el mundo: instituciones, centros de investigaci\u00f3n, administraciones p\u00fablicas, empresas, emprendedores y ciudadan\u00eda en general. Si quieres formar parte de este proceso de Transformaci\u00f3n Econ\u00f3mica de nuestro territorio y participar en las oportunidades, retos y soluciones dentro de tu sector o \u00e1mbito de experiencia, llena el siguiente formulario.<\/p>\n","protected":false},"excerpt":{"rendered":"<p>Para hacer posible la transformaci\u00f3n econ\u00f3mica de las Tierras de Lleida, Pirineo y Ar\u00e1n, es necesaria la participaci\u00f3n de todo el mundo: instituciones, centros de investigaci\u00f3n, administraciones p\u00fablicas, empresas, emprendedores y ciudadan\u00eda en general. Si quieres formar parte de este proceso de Transformaci\u00f3n Econ\u00f3mica de nuestro territorio y participar en las oportunidades, retos y soluciones [&hellip;]<\/p>\n","protected":false},"author":1,"featured_media":0,"parent":0,"menu_order":0,"comment_status":"closed","ping_status":"closed","template":"","meta":{"_acf_changed":false,"editor_notices":[],"footnotes":""},"class_list":["post-251","page","type-page","status-publish","hentry"],"acf":[],"_links":{"self":[{"href":"https:\/\/lleidaterraoportunitats.com\/es\/wp-json\/wp\/v2\/pages\/251","targetHints":{"allow":["GET"]}}],"collection":[{"href":"https:\/\/lleidaterraoportunitats.com\/es\/wp-json\/wp\/v2\/pages"}],"about":[{"href":"https:\/\/lleidaterraoportunitats.com\/es\/wp-json\/wp\/v2\/types\/page"}],"author":[{"embeddable":true,"href":"https:\/\/lleidaterraoportunitats.com\/es\/wp-json\/wp\/v2\/users\/1"}],"replies":[{"embeddable":true,"href":"https:\/\/lleidaterraoportunitats.com\/es\/wp-json\/wp\/v2\/comments?post=251"}],"version-history":[{"count":9,"href":"https:\/\/lleidaterraoportunitats.com\/es\/wp-json\/wp\/v2\/pages\/251\/revisions"}],"predecessor-version":[{"id":1100,"href":"https:\/\/lleidaterraoportunitats.com\/es\/wp-json\/wp\/v2\/pages\/251\/revisions\/1100"}],"wp:attachment":[{"href":"https:\/\/lleidaterraoportunitats.com\/es\/wp-json\/wp\/v2\/media?parent=251"}],"curies":[{"name":"wp","href":"https:\/\/api.w.org\/{rel}","templated":true}]}}