{"id":26,"date":"2024-10-22T09:38:06","date_gmt":"2024-10-22T07:38:06","guid":{"rendered":"https:\/\/lleidaterraoportunitats.com\/?page_id=26"},"modified":"2025-01-24T14:24:57","modified_gmt":"2025-01-24T13:24:57","slug":"politica-de-privacidad","status":"publish","type":"page","link":"https:\/\/lleidaterraoportunitats.com\/es\/politica-de-privacidad\/","title":{"rendered":"Pol\u00edtica de Privacidad"},"content":{"rendered":"\n<p>De acuerdo con el art\u00edculo 13 del Reglamento (UE) 2016\/679 del Parlamento Europeo y del Consejo, de 27 de abril de 2016, sobre la protecci\u00f3n de las personas f\u00edsicas en lo que respecta al tratamiento de datos personales y a la libre circulaci\u00f3n de estos datos, y por el que se deroga la Directiva 95\/46\/CE (Reglamento General de Protecci\u00f3n de Datos o RGPD), y el art\u00edculo 11 de la Ley Org\u00e1nica 3\/2018, de 5 de diciembre, de Protecci\u00f3n de Datos Personales y Garant\u00eda de los Derechos Digitales (en adelante LOPD-GDD), se proporciona la siguiente informaci\u00f3n a los usuarios:<\/p>\n\n\n\n<p><strong>1.- \u00bfQui\u00e9n es el responsable del tratamiento de sus datos?<br><\/strong>RESPONSABLE: Diputaci\u00f3n de Lleida<br>CIF: P-2500000A<br>SEDE SOCIAL: Calle del Carmen, 26, 25007, Lleida<br>TEL\u00c9FONO: 973 24 92 00<br>EMAIL: <a href=\"mailto:diputacio@diputaciolleida.cat\">diputacio@diputaciolleida.cat<\/a><br>DPD: <a href=\"mailto:dpd@diputaciolleida.cat\">dpd@diputaciolleida.cat<\/a><\/p>\n\n\n\n<p><strong>2.- \u00bfCon qu\u00e9 finalidad tratamos sus datos personales y cu\u00e1l es la base legal para su tratamiento?<br><\/strong>Los datos personales solicitados son necesarios para identificar y gestionar la solicitud formulada por la persona interesada (actualmente por la parte interesada).<\/p>\n\n\n\n<p>Esta informaci\u00f3n se tratar\u00e1 de manera justa, l\u00edcita y transparente en relaci\u00f3n con la persona interesada.<\/p>\n\n\n\n<p>Adem\u00e1s, los datos personales se recopilar\u00e1n con fines espec\u00edficos, expl\u00edcitos y leg\u00edtimos, y no se tratar\u00e1n posteriormente de manera incompatible con dichos fines.<\/p>\n\n\n\n<p>Los datos recopilados de cada persona interesada ser\u00e1n adecuados, pertinentes y no excesivos en relaci\u00f3n con los fines para los que se traten, y se mantendr\u00e1n actualizados siempre que sea necesario.<\/p>\n\n\n\n<p>Antes de la recogida de datos, la persona interesada ser\u00e1 informada de los aspectos generales regulados en esta pol\u00edtica para que pueda dar su consentimiento expreso, preciso e inequ\u00edvoco para el tratamiento de sus datos, de acuerdo con los siguientes aspectos.<\/p>\n\n\n\n<p>Las finalidades del tratamiento para cada una de las actividades est\u00e1n detalladas en las cl\u00e1usulas informativas incluidas en cada uno de los procedimientos de recogida de datos (formularios web, formularios en papel, paneles y notas informativas).<\/p>\n\n\n\n<p>No obstante, los datos personales de la persona interesada se tratar\u00e1n exclusivamente para dar una respuesta efectiva y gestionar las solicitudes formuladas por el usuario, tal como se especifica junto a la opci\u00f3n, servicio, formulario o sistema de recogida de datos utilizado por la persona interesada.<\/p>\n\n\n\n<p>Como norma general, antes de tratar los datos personales, la Diputaci\u00f3n de Lleida obtiene el consentimiento expreso e inequ\u00edvoco de la persona interesada mediante la inclusi\u00f3n de cl\u00e1usulas de consentimiento informado en los diferentes sistemas de recogida de datos.<\/p>\n\n\n\n<p>No obstante, si no es necesario el consentimiento de la persona interesada, la base legal del tratamiento en la que se basa la Diputaci\u00f3n de Lleida es la existencia de una ley o normativa espec\u00edfica que autorice o requiera el tratamiento de la informaci\u00f3n de la persona interesada.<\/p>\n\n\n\n<p><strong>3.- \u00bfC\u00f3mo hemos obtenido sus datos personales y durante cu\u00e1nto tiempo los conservamos?<br><\/strong>Como norma general, los datos personales se recopilan siempre directamente de la persona interesada.<\/p>\n\n\n\n<p>No obstante, en determinadas excepciones, los datos pueden ser recopilados de terceras personas, entidades o servicios diferentes de la persona interesada.<\/p>\n\n\n\n<p>En este sentido, este hecho ser\u00e1 comunicado a la persona interesada mediante las cl\u00e1usulas de consentimiento informado contenidas en los diferentes canales de recogida de datos dentro de un plazo razonable, una vez obtenidos los datos, y en un m\u00e1ximo de un mes.<\/p>\n\n\n\n<p>La informaci\u00f3n recopilada de la persona interesada se conservar\u00e1 durante el tiempo necesario para cumplir la finalidad para la que se recogieron los datos personales. Una vez cumplida la finalidad, los datos ser\u00e1n eliminados, lo que dar\u00e1 lugar al bloqueo de los datos, que solo se conservar\u00e1n para ponerlos a disposici\u00f3n de las administraciones p\u00fablicas, jueces y tribunales para atender posibles responsabilidades derivadas del tratamiento durante el plazo de prescripci\u00f3n.<\/p>\n\n\n\n<p>Despu\u00e9s de este per\u00edodo, la informaci\u00f3n ser\u00e1 destruida.<\/p>\n\n\n\n<p>En relaci\u00f3n con los datos de navegaci\u00f3n que se puedan tratar a trav\u00e9s del sitio web, si se recogen datos sujetos a regulaci\u00f3n, se recomienda consultar la pol\u00edtica de cookies publicada en nuestro sitio web.<\/p>\n\n\n\n<p><strong>4.- Derechos de la persona interesada<br><\/strong>Se le informa que, como persona interesada, tiene derecho a acceder a sus datos personales, as\u00ed como a solicitar su rectificaci\u00f3n en caso de que sean inexactos o, en su caso, solicitar su supresi\u00f3n cuando, entre otros motivos, los datos ya no sean necesarios para los fines para los que fueron recogidos.<\/p>\n\n\n\n<p>En determinadas circunstancias, las personas interesadas pueden solicitar la limitaci\u00f3n del tratamiento de sus datos, en este caso solo se conservar\u00e1n para el ejercicio o la defensa de reclamaciones.<\/p>\n\n\n\n<p>En determinadas circunstancias y por motivos relacionados con su situaci\u00f3n particular, las personas interesadas pueden oponerse al tratamiento de sus datos.<\/p>\n\n\n\n<p>La Diputaci\u00f3n de Lleida dejar\u00e1 de tratar los datos, salvo por motivos leg\u00edtimos imperiosos, o para el ejercicio o defensa de posibles reclamaciones.<\/p>\n\n\n\n<p>En determinadas circunstancias, la persona interesada tendr\u00e1 derecho a recibir los datos personales que le afecten, que nos haya proporcionado, en un formato estructurado, de uso com\u00fan y lectura mec\u00e1nica, y a transmitirlos a otro responsable del tratamiento.<\/p>\n\n\n\n<p>Las personas interesadas tendr\u00e1n derecho a oponerse, por motivos relacionados con su situaci\u00f3n particular y sin motivos leg\u00edtimos que lo impidan, al tratamiento de sus datos personales basado en el cumplimiento de una tarea de inter\u00e9s p\u00fablico o en el ejercicio de autoridad p\u00fablica o para la satisfacci\u00f3n de intereses leg\u00edtimos de la Diputaci\u00f3n de Lleida, incluido el perfilado.<\/p>\n\n\n\n<p>Puede ejercer sus derechos por escrito, adjuntando una copia de su DNI u otro documento de identificaci\u00f3n, a la siguiente direcci\u00f3n: Calle del Carmen, 26, 25007, Lleida, o por correo electr\u00f3nico a <a href=\"mailto:dpd@diputaciolleida.cat\">dpd@diputaciolleida.cat<\/a>.<\/p>\n\n\n\n<p>Adem\u00e1s, se le informa que si no ha obtenido satisfacci\u00f3n en el ejercicio de sus derechos o la forma de ejercerlos, puede presentar una reclamaci\u00f3n ante la Autoridad de Control.<\/p>\n\n\n\n<p>Para m\u00e1s informaci\u00f3n sobre este derecho y c\u00f3mo ejercerlo, puede contactar con la AEPD: <a href=\"http:\/\/www.aepd.es\" target=\"_blank\" rel=\"noopener\">http:\/\/www.aepd.es<\/a>; tel. 901 100 099 y 912 663 517; c\/ Jorge Juan, 6, 28001 Madrid; o la APDCAT: c\/ Rossell\u00f3, 214, Esc. A, 1\u00ba-1\u00aa, 08008 Barcelona; Tel. 93 552 78 00; <a href=\"mailto:apdcat@gencat.cat\">apdcat@gencat.cat<\/a>; <a href=\"https:\/\/apdcat.gencat.cat\/ca\/inici\" target=\"_blank\" rel=\"noreferrer noopener\">www.apdcat.cat<\/a><\/p>\n\n\n\n<p>Fecha de la \u00faltima actualizaci\u00f3n de la Pol\u00edtica: 24\/7\/2024<\/p>\n","protected":false},"excerpt":{"rendered":"<p>De acuerdo con el art\u00edculo 13 del Reglamento (UE) 2016\/679 del Parlamento Europeo y del Consejo, de 27 de abril de 2016, sobre la protecci\u00f3n de las personas f\u00edsicas en lo que respecta al tratamiento de datos personales y a la libre circulaci\u00f3n de estos datos, y por el que se deroga la Directiva 95\/46\/CE [&hellip;]<\/p>\n","protected":false},"author":1,"featured_media":0,"parent":0,"menu_order":0,"comment_status":"closed","ping_status":"closed","template":"","meta":{"_acf_changed":false,"editor_notices":[],"footnotes":""},"class_list":["post-26","page","type-page","status-publish","hentry"],"acf":[],"_links":{"self":[{"href":"https:\/\/lleidaterraoportunitats.com\/es\/wp-json\/wp\/v2\/pages\/26","targetHints":{"allow":["GET"]}}],"collection":[{"href":"https:\/\/lleidaterraoportunitats.com\/es\/wp-json\/wp\/v2\/pages"}],"about":[{"href":"https:\/\/lleidaterraoportunitats.com\/es\/wp-json\/wp\/v2\/types\/page"}],"author":[{"embeddable":true,"href":"https:\/\/lleidaterraoportunitats.com\/es\/wp-json\/wp\/v2\/users\/1"}],"replies":[{"embeddable":true,"href":"https:\/\/lleidaterraoportunitats.com\/es\/wp-json\/wp\/v2\/comments?post=26"}],"version-history":[{"count":5,"href":"https:\/\/lleidaterraoportunitats.com\/es\/wp-json\/wp\/v2\/pages\/26\/revisions"}],"predecessor-version":[{"id":1068,"href":"https:\/\/lleidaterraoportunitats.com\/es\/wp-json\/wp\/v2\/pages\/26\/revisions\/1068"}],"wp:attachment":[{"href":"https:\/\/lleidaterraoportunitats.com\/es\/wp-json\/wp\/v2\/media?parent=26"}],"curies":[{"name":"wp","href":"https:\/\/api.w.org\/{rel}","templated":true}]}}